{"id":2069,"date":"2021-06-23T10:13:04","date_gmt":"2021-06-23T10:13:04","guid":{"rendered":"https:\/\/tamarafotografie.de\/?page_id=2069"},"modified":"2021-07-15T08:22:39","modified_gmt":"2021-07-15T08:22:39","slug":"impressum","status":"publish","type":"page","link":"https:\/\/tamarafotografie.de\/de\/impressum","title":{"rendered":"Impressum"},"content":{"rendered":"\t\t<div data-elementor-type=\"wp-page\" data-elementor-id=\"2069\" class=\"elementor elementor-2069\">\n\t\t\t\t\t\t<section class=\"elementor-section elementor-top-section elementor-element elementor-element-a5ea8bd elementor-section-boxed elementor-section-height-default elementor-section-height-default\" data-id=\"a5ea8bd\" data-element_type=\"section\" data-e-type=\"section\">\n\t\t\t\t\t\t<div class=\"elementor-container elementor-column-gap-default\">\n\t\t\t\t\t<div class=\"elementor-column elementor-col-100 elementor-top-column elementor-element elementor-element-0e47988 back-lila\" data-id=\"0e47988\" data-element_type=\"column\" data-e-type=\"column\">\n\t\t\t<div class=\"elementor-widget-wrap elementor-element-populated\">\n\t\t\t\t\t\t<div class=\"elementor-element elementor-element-ab82d00 elementor-widget elementor-widget-text-editor\" data-id=\"ab82d00\" data-element_type=\"widget\" data-e-type=\"widget\" data-widget_type=\"text-editor.default\">\n\t\t\t\t<div class=\"elementor-widget-container\">\n\t\t\t\t\t\t\t\t\t<p><b>Angaben gem\u00e4\u00df \u00a7 5 TMG<\/b><br>Tamara Alvarez Embi<br>Tamara Fotografie<br>Hirschstra\u00dfe 59\n64653 Lorsch<br>E-Mail: hallo@tamarafotografie.de<br>\nTel: +49 (0) 1749145804\n<br><br>\n<b>Umsatzsteuer-Identifikationsnummer: <\/b>05 82201230<br>\nTamara Alvarez Embi: Mitglied der Handwerkskammer Frankfurt-Rhein-Main<br>\nBockenheimer Landstra\u00dfe 21. 60325 Frankfurt am Main.<br><br><b>Kontakt:<\/b>\nTelefon: +49 0174 9145804<br>\nE-Mail: hallo@tamarafotografie.de<br><br>\n<b>Verantwortlich f\u00fcr den inhalt nach \u00a755 Abs. 2 RStV:<\/b>\nTamara Alvarez Embi<\/p>\t\t\t\t\t\t\t\t<\/div>\n\t\t\t\t<\/div>\n\t\t\t\t<div class=\"elementor-element elementor-element-a5d0ed9 elementor-widget elementor-widget-text-editor\" data-id=\"a5d0ed9\" data-element_type=\"widget\" data-e-type=\"widget\" data-widget_type=\"text-editor.default\">\n\t\t\t\t<div class=\"elementor-widget-container\">\n\t\t\t\t\t\t\t\t\t<h4>Haftungsausschluss:<\/h4>\t\t\t\t\t\t\t\t<\/div>\n\t\t\t\t<\/div>\n\t\t\t\t<div class=\"elementor-element elementor-element-a77fb51 elementor-widget elementor-widget-text-editor\" data-id=\"a77fb51\" data-element_type=\"widget\" data-e-type=\"widget\" data-widget_type=\"text-editor.default\">\n\t\t\t\t<div class=\"elementor-widget-container\">\n\t\t\t\t\t\t\t\t\t<p><b>Haftung f\u00fcr Inhalte<\/b><br><br>\nDie Inhalte unserer Seiten wurden mit gr\u00f6\u00dfter Sorgfalt erstellt. F\u00fcr die Richtigkeit, Vollst\u00e4ndigkeit und Aktualit\u00e4t der Inhalte k\u00f6nnen wir jedoch keine Gew\u00e4hr \u00fcbernehmen. Als Diensteanbieter sind wir gem\u00e4\u00df \u00a7 7 Abs.1 TMG f\u00fcr eigene Inhalte auf diesen Seiten nach den allgemeinen Gesetzen verantwortlich. Nach \u00a7\u00a7 8 bis 10 TMG sind wir als Diensteanbieter jedoch nicht verpflichtet, \u00fcbermittelte oder gespeicherte fremde Informationen zu \u00fcberwachen oder nach Umst\u00e4nden zu forschen, die auf eine rechtswidrige T\u00e4tigkeit hinweisen. Verpflichtungen zur Entfernung oder Sperrung der Nutzung von Informationen nach den allgemeinen Gesetzen bleiben hiervon unber\u00fchrt. Eine diesbez\u00fcgliche Haftung ist jedoch erst ab dem Zeitpunkt der Kenntnis einer konkreten Rechtsverletzung m\u00f6glich. Bei Bekanntwerden von entsprechenden Rechtsverletzungen werden wir diese Inhalte umgehend entfernen.\t\t\t\t\t\t\t\t<\/div>\n\t\t\t\t<\/div>\n\t\t\t\t<div class=\"elementor-element elementor-element-e69869d elementor-widget elementor-widget-text-editor\" data-id=\"e69869d\" data-element_type=\"widget\" data-e-type=\"widget\" data-widget_type=\"text-editor.default\">\n\t\t\t\t<div class=\"elementor-widget-container\">\n\t\t\t\t\t\t\t\t\t<p><b>Haftung f\u00fcr Links<\/b><br><br>\nUnser Angebot enth\u00e4lt Links zu externen Webseiten Dritter, auf deren Inhalte wir keinen Einfluss haben. Deshalb k\u00f6nnen wir f\u00fcr diese fremden Inhalte auch keine Gew\u00e4hr \u00fcbernehmen. F\u00fcr die Inhalte der verlinkten Seiten ist stets der jeweilige Anbieter oder Betreiber der Seiten verantwortlich. Die verlinkten Seiten wurden zum Zeitpunkt der Verlinkung auf m\u00f6gliche Rechtsverst\u00f6\u00dfe \u00fcberpr\u00fcft. Rechtswidrige Inhalte waren zum Zeitpunkt der Verlinkung nicht erkennbar. Eine permanente inhaltliche Kontrolle der verlinkten Seiten ist jedoch ohne konkrete Anhaltspunkte einer Rechtsverletzung nicht zumutbar. Bei Bekanntwerden von Rechtsverletzungen werden wir derartige Links umgehend entfernen.\t\t\t\t\t\t\t\t<\/div>\n\t\t\t\t<\/div>\n\t\t\t\t<div class=\"elementor-element elementor-element-1e76c2b elementor-widget elementor-widget-text-editor\" data-id=\"1e76c2b\" data-element_type=\"widget\" data-e-type=\"widget\" data-widget_type=\"text-editor.default\">\n\t\t\t\t<div class=\"elementor-widget-container\">\n\t\t\t\t\t\t\t\t\t<p><b>Urheberrecht<\/b><br><br>\nDie durch die Seitenbetreiber erstellten Inhalte und Werke auf diesen Seiten unterliegen dem deutschen Urheberrecht. Die Vervielf\u00e4ltigung, Bearbeitung, Verbreitung und jede Art der Verwertung au\u00dferhalb der Grenzen des Urheberrechtes bed\u00fcrfen der schriftlichen Zustimmung des jeweiligen Autors bzw. Erstellers. Downloads und Kopien dieser Seite sind nur f\u00fcr den privaten, nicht kommerziellen Gebrauch gestattet. Soweit die Inhalte auf dieser Seite nicht vom Betreiber erstellt wurden, werden die Urheberrechte Dritter beachtet. Insbesondere werden Inhalte Dritter als solche gekennzeichnet. Sollten Sie trotzdem auf eine Urheberrechtsverletzung aufmerksam werden, bitten wir um einen entsprechenden Hinweis. Bei Bekanntwerden von Rechtsverletzungen werden wir derartige Inhalte umgehend entfernen.\t\t\t\t\t\t\t\t<\/div>\n\t\t\t\t<\/div>\n\t\t\t\t\t<\/div>\n\t\t<\/div>\n\t\t\t\t\t<\/div>\n\t\t<\/section>\n\t\t\t\t<section class=\"elementor-section elementor-top-section elementor-element elementor-element-55dc3c41 footer elementor-section-boxed elementor-section-height-default elementor-section-height-default\" data-id=\"55dc3c41\" data-element_type=\"section\" data-e-type=\"section\">\n\t\t\t\t\t\t<div class=\"elementor-container elementor-column-gap-default\">\n\t\t\t\t\t<div class=\"elementor-column elementor-col-33 elementor-top-column elementor-element elementor-element-1e782ce7\" data-id=\"1e782ce7\" data-element_type=\"column\" data-e-type=\"column\">\n\t\t\t<div class=\"elementor-widget-wrap elementor-element-populated\">\n\t\t\t\t\t\t<div class=\"elementor-element elementor-element-293a2bab logo-footer elementor-widget elementor-widget-image\" data-id=\"293a2bab\" data-element_type=\"widget\" data-e-type=\"widget\" data-widget_type=\"image.default\">\n\t\t\t\t<div class=\"elementor-widget-container\">\n\t\t\t\t\t\t\t\t\t\t\t\t\t\t\t<img decoding=\"async\" width=\"197\" height=\"55\" data-src=\"https:\/\/tamarafotografie.de\/wp-content\/uploads\/2021\/06\/tamara-alvarez-fotografia-logo.png\" class=\"attachment-large size-large wp-image-13 lazyload\" alt=\"\" src=\"data:image\/svg+xml;base64,PHN2ZyB3aWR0aD0iMSIgaGVpZ2h0PSIxIiB4bWxucz0iaHR0cDovL3d3dy53My5vcmcvMjAwMC9zdmciPjwvc3ZnPg==\" style=\"--smush-placeholder-width: 197px; --smush-placeholder-aspect-ratio: 197\/55;\" \/>\t\t\t\t\t\t\t\t\t\t\t\t\t\t\t<\/div>\n\t\t\t\t<\/div>\n\t\t\t\t<div class=\"elementor-element elementor-element-232b451d elementor-widget elementor-widget-image\" data-id=\"232b451d\" data-element_type=\"widget\" data-e-type=\"widget\" data-widget_type=\"image.default\">\n\t\t\t\t<div class=\"elementor-widget-container\">\n\t\t\t\t\t\t\t\t\t\t\t\t\t\t\t<img decoding=\"async\" width=\"41\" height=\"41\" data-src=\"https:\/\/tamarafotografie.de\/wp-content\/uploads\/tamara-alvarez-fotografie-instagram.png\" class=\"attachment-large size-large wp-image-222 lazyload\" alt=\"\" src=\"data:image\/svg+xml;base64,PHN2ZyB3aWR0aD0iMSIgaGVpZ2h0PSIxIiB4bWxucz0iaHR0cDovL3d3dy53My5vcmcvMjAwMC9zdmciPjwvc3ZnPg==\" style=\"--smush-placeholder-width: 41px; --smush-placeholder-aspect-ratio: 41\/41;\" \/>\t\t\t\t\t\t\t\t\t\t\t\t\t\t\t<\/div>\n\t\t\t\t<\/div>\n\t\t\t\t<div class=\"elementor-element elementor-element-5acceaab elementor-widget elementor-widget-image\" data-id=\"5acceaab\" data-element_type=\"widget\" data-e-type=\"widget\" data-widget_type=\"image.default\">\n\t\t\t\t<div class=\"elementor-widget-container\">\n\t\t\t\t\t\t\t\t\t\t\t\t\t\t\t<img decoding=\"async\" width=\"296\" height=\"130\" data-src=\"https:\/\/tamarafotografie.de\/wp-content\/uploads\/footer-bg-flor.png\" class=\"attachment-large size-large wp-image-224 lazyload\" alt=\"\" src=\"data:image\/svg+xml;base64,PHN2ZyB3aWR0aD0iMSIgaGVpZ2h0PSIxIiB4bWxucz0iaHR0cDovL3d3dy53My5vcmcvMjAwMC9zdmciPjwvc3ZnPg==\" style=\"--smush-placeholder-width: 296px; --smush-placeholder-aspect-ratio: 296\/130;\" \/>\t\t\t\t\t\t\t\t\t\t\t\t\t\t\t<\/div>\n\t\t\t\t<\/div>\n\t\t\t\t\t<\/div>\n\t\t<\/div>\n\t\t\t\t<div class=\"elementor-column elementor-col-33 elementor-top-column elementor-element elementor-element-5e87fbd1\" data-id=\"5e87fbd1\" data-element_type=\"column\" data-e-type=\"column\">\n\t\t\t<div class=\"elementor-widget-wrap elementor-element-populated\">\n\t\t\t\t\t\t<div class=\"elementor-element elementor-element-1788f14f elementor-widget elementor-widget-text-editor\" data-id=\"1788f14f\" data-element_type=\"widget\" data-e-type=\"widget\" data-widget_type=\"text-editor.default\">\n\t\t\t\t<div class=\"elementor-widget-container\">\n\t\t\t\t\t\t\t\t\t<p><b>TAMARA \u00c1LVAREZ FOTOGRAFIE<\/b><br><br>Hirschstra\u00dfe 59, 64653 Lorsch<br>Hessen<br><br><a title=\"Tamara \u00c1lvarez Fotografie in Heidelberg Kontakt\" href=\"mailto:hallo@tamarafotografie.de\" target=\"_blank\" rel=\"noopener\">hallo@tamarafotografie.de<\/a><\/p>\t\t\t\t\t\t\t\t<\/div>\n\t\t\t\t<\/div>\n\t\t\t\t\t<\/div>\n\t\t<\/div>\n\t\t\t\t<div class=\"elementor-column elementor-col-33 elementor-top-column elementor-element elementor-element-18572d8c\" data-id=\"18572d8c\" data-element_type=\"column\" data-e-type=\"column\">\n\t\t\t<div class=\"elementor-widget-wrap elementor-element-populated\">\n\t\t\t\t\t\t<div class=\"elementor-element elementor-element-5d09f780 elementor-widget elementor-widget-text-editor\" data-id=\"5d09f780\" data-element_type=\"widget\" data-e-type=\"widget\" data-widget_type=\"text-editor.default\">\n\t\t\t\t<div class=\"elementor-widget-container\">\n\t\t\t\t\t\t\t\t\t<p><b>IMPRESSUM UND RECHTLICHES<\/b><\/p><p><a href=\"https:\/\/tamarafotografie.de\/de\/impressum\">Impressum<\/a><br \/><a title=\"\" href=\"https:\/\/tamarafotografie.de\/de\/datenschutz\" target=\"_blank\" rel=\"noopener\">Datenschutz<\/a><\/p>\t\t\t\t\t\t\t\t<\/div>\n\t\t\t\t<\/div>\n\t\t\t\t\t<\/div>\n\t\t<\/div>\n\t\t\t\t\t<\/div>\n\t\t<\/section>\n\t\t\t\t<\/div>\n\t\t","protected":false},"excerpt":{"rendered":"<p>Angaben gem\u00e4\u00df \u00a7 5 TMGTamara Alvarez EmbiTamara FotografieHirschstra\u00dfe 59 64653 LorschE-Mail: hallo@tamarafotografie.de Tel: +49 (0) 1749145804 Umsatzsteuer-Identifikationsnummer: 05 82201230 Tamara Alvarez Embi: Mitglied der Handwerkskammer Frankfurt-Rhein-Main Bockenheimer Landstra\u00dfe 21. 60325 Frankfurt am Main. Kontakt: Telefon: +49 0174 9145804 E-Mail: hallo@tamarafotografie.de Verantwortlich f\u00fcr den inhalt nach \u00a755 Abs. 2 RStV: Tamara Alvarez Embi Haftungsausschluss: Haftung f\u00fcr [&hellip;]<\/p>\n","protected":false},"author":1,"featured_media":0,"parent":0,"menu_order":0,"comment_status":"closed","ping_status":"closed","template":"","meta":{"footnotes":""},"class_list":["post-2069","page","type-page","status-publish","hentry"],"yoast_head":"<!-- This site is optimized with the Yoast SEO plugin v27.3 - https:\/\/yoast.com\/product\/yoast-seo-wordpress\/ -->\n<title>Impressum - tamarafotografie<\/title>\n<meta name=\"robots\" content=\"index, follow, max-snippet:-1, max-image-preview:large, max-video-preview:-1\" \/>\n<link rel=\"canonical\" href=\"https:\/\/tamarafotografie.de\/de\/impressum\" \/>\n<meta property=\"og:locale\" content=\"de_DE\" \/>\n<meta property=\"og:type\" content=\"article\" \/>\n<meta property=\"og:title\" content=\"Impressum - tamarafotografie\" \/>\n<meta property=\"og:description\" content=\"Angaben gem\u00e4\u00df \u00a7 5 TMGTamara Alvarez EmbiTamara FotografieHirschstra\u00dfe 59 64653 LorschE-Mail: hallo@tamarafotografie.de Tel: +49 (0) 1749145804 Umsatzsteuer-Identifikationsnummer: 05 82201230 Tamara Alvarez Embi: Mitglied der Handwerkskammer Frankfurt-Rhein-Main Bockenheimer Landstra\u00dfe 21. 60325 Frankfurt am Main. Kontakt: Telefon: +49 0174 9145804 E-Mail: hallo@tamarafotografie.de Verantwortlich f\u00fcr den inhalt nach \u00a755 Abs. 2 RStV: Tamara Alvarez Embi Haftungsausschluss: Haftung f\u00fcr [&hellip;]\" \/>\n<meta property=\"og:url\" content=\"https:\/\/tamarafotografie.de\/de\/impressum\" \/>\n<meta property=\"og:site_name\" content=\"tamarafotografie\" \/>\n<meta property=\"article:modified_time\" content=\"2021-07-15T08:22:39+00:00\" \/>\n<meta property=\"og:image\" content=\"https:\/\/tamarafotografie.de\/wp-content\/uploads\/2021\/06\/tamara-alvarez-fotografia-logo.png\" \/>\n<meta name=\"twitter:card\" content=\"summary_large_image\" \/>\n<meta name=\"twitter:label1\" content=\"Gesch\u00e4tzte Lesezeit\" \/>\n\t<meta name=\"twitter:data1\" content=\"3\u00a0Minuten\" \/>\n<script type=\"application\/ld+json\" class=\"yoast-schema-graph\">{\"@context\":\"https:\\\/\\\/schema.org\",\"@graph\":[{\"@type\":\"WebPage\",\"@id\":\"https:\\\/\\\/tamarafotografie.de\\\/de\\\/impressum\",\"url\":\"https:\\\/\\\/tamarafotografie.de\\\/de\\\/impressum\",\"name\":\"Impressum - tamarafotografie\",\"isPartOf\":{\"@id\":\"https:\\\/\\\/tamarafotografie.de\\\/de\\\/#website\"},\"primaryImageOfPage\":{\"@id\":\"https:\\\/\\\/tamarafotografie.de\\\/de\\\/impressum#primaryimage\"},\"image\":{\"@id\":\"https:\\\/\\\/tamarafotografie.de\\\/de\\\/impressum#primaryimage\"},\"thumbnailUrl\":\"https:\\\/\\\/tamarafotografie.de\\\/wp-content\\\/uploads\\\/2021\\\/06\\\/tamara-alvarez-fotografia-logo.png\",\"datePublished\":\"2021-06-23T10:13:04+00:00\",\"dateModified\":\"2021-07-15T08:22:39+00:00\",\"breadcrumb\":{\"@id\":\"https:\\\/\\\/tamarafotografie.de\\\/de\\\/impressum#breadcrumb\"},\"inLanguage\":\"de\",\"potentialAction\":[{\"@type\":\"ReadAction\",\"target\":[\"https:\\\/\\\/tamarafotografie.de\\\/de\\\/impressum\"]}]},{\"@type\":\"ImageObject\",\"inLanguage\":\"de\",\"@id\":\"https:\\\/\\\/tamarafotografie.de\\\/de\\\/impressum#primaryimage\",\"url\":\"https:\\\/\\\/tamarafotografie.de\\\/wp-content\\\/uploads\\\/2021\\\/06\\\/tamara-alvarez-fotografia-logo.png\",\"contentUrl\":\"https:\\\/\\\/tamarafotografie.de\\\/wp-content\\\/uploads\\\/2021\\\/06\\\/tamara-alvarez-fotografia-logo.png\"},{\"@type\":\"BreadcrumbList\",\"@id\":\"https:\\\/\\\/tamarafotografie.de\\\/de\\\/impressum#breadcrumb\",\"itemListElement\":[{\"@type\":\"ListItem\",\"position\":1,\"name\":\"Startseite\",\"item\":\"https:\\\/\\\/tamarafotografie.de\\\/\"},{\"@type\":\"ListItem\",\"position\":2,\"name\":\"Impressum\"}]},{\"@type\":\"WebSite\",\"@id\":\"https:\\\/\\\/tamarafotografie.de\\\/de\\\/#website\",\"url\":\"https:\\\/\\\/tamarafotografie.de\\\/de\\\/\",\"name\":\"tamarafotografie\",\"description\":\"\",\"publisher\":{\"@id\":\"https:\\\/\\\/tamarafotografie.de\\\/de\\\/#organization\"},\"potentialAction\":[{\"@type\":\"SearchAction\",\"target\":{\"@type\":\"EntryPoint\",\"urlTemplate\":\"https:\\\/\\\/tamarafotografie.de\\\/de\\\/?s={search_term_string}\"},\"query-input\":{\"@type\":\"PropertyValueSpecification\",\"valueRequired\":true,\"valueName\":\"search_term_string\"}}],\"inLanguage\":\"de\"},{\"@type\":\"Organization\",\"@id\":\"https:\\\/\\\/tamarafotografie.de\\\/de\\\/#organization\",\"name\":\"tamarafotografie\",\"url\":\"https:\\\/\\\/tamarafotografie.de\\\/de\\\/\",\"logo\":{\"@type\":\"ImageObject\",\"inLanguage\":\"de\",\"@id\":\"https:\\\/\\\/tamarafotografie.de\\\/de\\\/#\\\/schema\\\/logo\\\/image\\\/\",\"url\":\"https:\\\/\\\/tamarafotografie.de\\\/wp-content\\\/uploads\\\/2021\\\/06\\\/tamara-alvarez-fotografia-logo.png\",\"contentUrl\":\"https:\\\/\\\/tamarafotografie.de\\\/wp-content\\\/uploads\\\/2021\\\/06\\\/tamara-alvarez-fotografia-logo.png\",\"width\":197,\"height\":55,\"caption\":\"tamarafotografie\"},\"image\":{\"@id\":\"https:\\\/\\\/tamarafotografie.de\\\/de\\\/#\\\/schema\\\/logo\\\/image\\\/\"}}]}<\/script>\n<!-- \/ Yoast SEO plugin. -->","yoast_head_json":{"title":"Impressum - tamarafotografie","robots":{"index":"index","follow":"follow","max-snippet":"max-snippet:-1","max-image-preview":"max-image-preview:large","max-video-preview":"max-video-preview:-1"},"canonical":"https:\/\/tamarafotografie.de\/de\/impressum","og_locale":"de_DE","og_type":"article","og_title":"Impressum - tamarafotografie","og_description":"Angaben gem\u00e4\u00df \u00a7 5 TMGTamara Alvarez EmbiTamara FotografieHirschstra\u00dfe 59 64653 LorschE-Mail: hallo@tamarafotografie.de Tel: +49 (0) 1749145804 Umsatzsteuer-Identifikationsnummer: 05 82201230 Tamara Alvarez Embi: Mitglied der Handwerkskammer Frankfurt-Rhein-Main Bockenheimer Landstra\u00dfe 21. 60325 Frankfurt am Main. Kontakt: Telefon: +49 0174 9145804 E-Mail: hallo@tamarafotografie.de Verantwortlich f\u00fcr den inhalt nach \u00a755 Abs. 2 RStV: Tamara Alvarez Embi Haftungsausschluss: Haftung f\u00fcr [&hellip;]","og_url":"https:\/\/tamarafotografie.de\/de\/impressum","og_site_name":"tamarafotografie","article_modified_time":"2021-07-15T08:22:39+00:00","og_image":[{"url":"https:\/\/tamarafotografie.de\/wp-content\/uploads\/2021\/06\/tamara-alvarez-fotografia-logo.png","type":"","width":"","height":""}],"twitter_card":"summary_large_image","twitter_misc":{"Gesch\u00e4tzte Lesezeit":"3\u00a0Minuten"},"schema":{"@context":"https:\/\/schema.org","@graph":[{"@type":"WebPage","@id":"https:\/\/tamarafotografie.de\/de\/impressum","url":"https:\/\/tamarafotografie.de\/de\/impressum","name":"Impressum - tamarafotografie","isPartOf":{"@id":"https:\/\/tamarafotografie.de\/de\/#website"},"primaryImageOfPage":{"@id":"https:\/\/tamarafotografie.de\/de\/impressum#primaryimage"},"image":{"@id":"https:\/\/tamarafotografie.de\/de\/impressum#primaryimage"},"thumbnailUrl":"https:\/\/tamarafotografie.de\/wp-content\/uploads\/2021\/06\/tamara-alvarez-fotografia-logo.png","datePublished":"2021-06-23T10:13:04+00:00","dateModified":"2021-07-15T08:22:39+00:00","breadcrumb":{"@id":"https:\/\/tamarafotografie.de\/de\/impressum#breadcrumb"},"inLanguage":"de","potentialAction":[{"@type":"ReadAction","target":["https:\/\/tamarafotografie.de\/de\/impressum"]}]},{"@type":"ImageObject","inLanguage":"de","@id":"https:\/\/tamarafotografie.de\/de\/impressum#primaryimage","url":"https:\/\/tamarafotografie.de\/wp-content\/uploads\/2021\/06\/tamara-alvarez-fotografia-logo.png","contentUrl":"https:\/\/tamarafotografie.de\/wp-content\/uploads\/2021\/06\/tamara-alvarez-fotografia-logo.png"},{"@type":"BreadcrumbList","@id":"https:\/\/tamarafotografie.de\/de\/impressum#breadcrumb","itemListElement":[{"@type":"ListItem","position":1,"name":"Startseite","item":"https:\/\/tamarafotografie.de\/"},{"@type":"ListItem","position":2,"name":"Impressum"}]},{"@type":"WebSite","@id":"https:\/\/tamarafotografie.de\/de\/#website","url":"https:\/\/tamarafotografie.de\/de\/","name":"tamarafotografie","description":"","publisher":{"@id":"https:\/\/tamarafotografie.de\/de\/#organization"},"potentialAction":[{"@type":"SearchAction","target":{"@type":"EntryPoint","urlTemplate":"https:\/\/tamarafotografie.de\/de\/?s={search_term_string}"},"query-input":{"@type":"PropertyValueSpecification","valueRequired":true,"valueName":"search_term_string"}}],"inLanguage":"de"},{"@type":"Organization","@id":"https:\/\/tamarafotografie.de\/de\/#organization","name":"tamarafotografie","url":"https:\/\/tamarafotografie.de\/de\/","logo":{"@type":"ImageObject","inLanguage":"de","@id":"https:\/\/tamarafotografie.de\/de\/#\/schema\/logo\/image\/","url":"https:\/\/tamarafotografie.de\/wp-content\/uploads\/2021\/06\/tamara-alvarez-fotografia-logo.png","contentUrl":"https:\/\/tamarafotografie.de\/wp-content\/uploads\/2021\/06\/tamara-alvarez-fotografia-logo.png","width":197,"height":55,"caption":"tamarafotografie"},"image":{"@id":"https:\/\/tamarafotografie.de\/de\/#\/schema\/logo\/image\/"}}]}},"_links":{"self":[{"href":"https:\/\/tamarafotografie.de\/de\/wp-json\/wp\/v2\/pages\/2069","targetHints":{"allow":["GET"]}}],"collection":[{"href":"https:\/\/tamarafotografie.de\/de\/wp-json\/wp\/v2\/pages"}],"about":[{"href":"https:\/\/tamarafotografie.de\/de\/wp-json\/wp\/v2\/types\/page"}],"author":[{"embeddable":true,"href":"https:\/\/tamarafotografie.de\/de\/wp-json\/wp\/v2\/users\/1"}],"replies":[{"embeddable":true,"href":"https:\/\/tamarafotografie.de\/de\/wp-json\/wp\/v2\/comments?post=2069"}],"version-history":[{"count":29,"href":"https:\/\/tamarafotografie.de\/de\/wp-json\/wp\/v2\/pages\/2069\/revisions"}],"predecessor-version":[{"id":2826,"href":"https:\/\/tamarafotografie.de\/de\/wp-json\/wp\/v2\/pages\/2069\/revisions\/2826"}],"wp:attachment":[{"href":"https:\/\/tamarafotografie.de\/de\/wp-json\/wp\/v2\/media?parent=2069"}],"curies":[{"name":"wp","href":"https:\/\/api.w.org\/{rel}","templated":true}]}}